
{"id":51,"date":"2019-08-31T17:08:38","date_gmt":"2019-08-31T20:08:38","guid":{"rendered":"http:\/\/innovar.med.br\/?page_id=51"},"modified":"2023-03-21T17:00:30","modified_gmt":"2023-03-21T20:00:30","slug":"fisioterapia-gestante","status":"publish","type":"page","link":"https:\/\/innovar.med.br\/?page_id=51","title":{"rendered":"Fisioterapia na Gesta\u00e7\u00e3o &#8211; Home Care"},"content":{"rendered":"\n<figure class=\"wp-block-image\"><img decoding=\"async\" src=\"http:\/\/innovar-med-br.preview-domain.com\/wp-content\/uploads\/2019\/08\/innovar-Gestante-fisioterapia-01-1-1.png\" alt=\"Fisioterapia na Gesta\u00e7\u00e3o\" class=\"wp-image-52\"\/><\/figure>\n\n\n\n<h2 class=\"wp-block-heading\">Gravidez tranquila, beb\u00ea saud\u00e1vel.<\/h2>\n\n\n\n<p>A gesta\u00e7\u00e3o \u00e9 um per\u00edodo m\u00e1gico, que requer cuidados especiais com o corpo e a mente da mulher. Para cuidar de forma completa da gestante,  desenvolvemos o programa de tratamento <strong>Gesta\u00e7\u00e3o&amp;Bem-Estar<\/strong>, que voc\u00ea pode ter no conforto da sua casa.<\/p>\n\n\n\n<p><strong>Em cada sess\u00e3o voc\u00ea ter\u00e1: <\/strong><\/p>\n\n\n\n<ul class=\"wp-block-list\">\n<li>Exerc\u00edcios de respira\u00e7\u00e3o para ajudar no trabalho de parto e relaxamento.<\/li>\n\n\n\n<li>Drenagem linf\u00e1tica manual (facial e corporal) e massagem relaxante nos p\u00e9s<br> (\u00d3leos Ess\u00eanciais e Cremes Hidratantes Espec\u00edficos para Tratamento de Gestantes)<\/li>\n\n\n\n<li>Pompages (t\u00e9cnica fisioter\u00e1pica) para soltar n\u00f3dulos de tens\u00e3o muscular muito comum na gravidez devido \u00e0s mudan\u00e7as posturais.<\/li>\n\n\n\n<li>Ao final de cada sess\u00e3o massagem nas costas sem qualquer contra indica\u00e7\u00e3o para gestante.<\/li>\n<\/ul>\n\n\n\n<h3 class=\"wp-block-heading\">Benef\u00edcios<\/h3>\n\n\n\n<ul class=\"wp-block-list\">\n<li>Facilidade durante o parto e auxiliar na recupera\u00e7\u00e3o P\u00f3s-parto<\/li>\n\n\n\n<li>Preven\u00e7\u00e3o de posterior incontin\u00eancia urin\u00e1ria e problemas nos intestinos<\/li>\n\n\n\n<li>Melhora as sensa\u00e7\u00f5es nas rela\u00e7\u00f5es sexuais durante a gravidez<\/li>\n<\/ul>\n\n\n\n<h3 class=\"wp-block-heading\">Voc\u00ea merece este momento<\/h3>\n\n\n\n<ul class=\"wp-block-list\">\n<li>Tranquilidade que voc\u00ea merece, no conforto da sua casa, com hora marcada.<\/li>\n<\/ul>\n\n\n\n<p><strong>Agende sua sess\u00e3o.<\/strong> Cuide da sua sa\u00fade e bem-estar e tenha uma r\u00e1pida recupera\u00e7\u00e3o p\u00f3s-parto.<\/p>\n\n\n\n<figure class=\"wp-block-table alignleft is-style-stripes\"><table class=\"has-subtle-pale-pink-background-color has-background has-fixed-layout\"><tbody><tr><td><\/td><td><strong>M\u00ednimo:<\/strong> Uma vezes na semana<br><strong>Dura\u00e7\u00e3o:<\/strong> 60 minutos<br>Recomendada \u00e0 partir do 3\u00b0 m\u00eas de gesta\u00e7\u00e3o<\/td><\/tr><\/tbody><\/table><\/figure>\n\n\n\n<p><\/p>\n\n\n\n<h3 class=\"wp-block-heading\" id=\"marque\">Marque um Consulta em sua casa<\/h3>\n\n\n<div class=\"wp-block-image\">\n<figure class=\"alignleft is-resized\"><a href=\"https:\/\/wa.me\/5521981534022\" target=\"_blank\" rel=\"noreferrer noopener\"><img decoding=\"async\" src=\"http:\/\/innovar-med-br.preview-domain.com\/wp-content\/uploads\/2019\/08\/whatsup-marque-consulta-1-1.png\" alt=\"\" class=\"wp-image-35\" width=\"26\" height=\"26\"\/><\/a><\/figure>\n<\/div>\n\n\n<p class=\"has-text-color has-medium-font-size\" style=\"color:#993300\"><strong><a href=\"https:\/\/wa.me\/5521981534022\" target=\"_blank\" rel=\"noreferrer noopener\" aria-label=\"21 98153-4022 (abre numa nova aba)\">21 98153-4022<\/a><\/strong> &#8211; Fale direto pelo Whatsapp ou preencha o formul\u00e1rio. \u00c9 r\u00e1pido e f\u00e1cil!<\/p>\n\n\n\n\n\n\n<figure class=\"wp-block-image is-resized\"><img fetchpriority=\"high\" decoding=\"async\" src=\"http:\/\/innovar-med-br.preview-domain.com\/wp-content\/uploads\/2019\/08\/assinatura-1-1024x597.png\" alt=\"Fisioterapia especializada Beatriz Melo\" class=\"wp-image-43\" width=\"512\" height=\"299\" srcset=\"https:\/\/innovar.med.br\/wp-content\/uploads\/2019\/08\/assinatura-1-1024x597.png 1024w, https:\/\/innovar.med.br\/wp-content\/uploads\/2019\/08\/assinatura-1-300x175.png 300w, https:\/\/innovar.med.br\/wp-content\/uploads\/2019\/08\/assinatura-1-768x448.png 768w, https:\/\/innovar.med.br\/wp-content\/uploads\/2019\/08\/assinatura-1.png 1134w\" sizes=\"(max-width: 512px) 100vw, 512px\" \/><\/figure>\n","protected":false},"excerpt":{"rendered":"<p>Gravidez tranquila, beb\u00ea saud\u00e1vel. A gesta\u00e7\u00e3o \u00e9 um per\u00edodo m\u00e1gico, que requer cuidados especiais com o corpo e a mente<\/p>\n<div class=\"read-button read_more_btn_text\"><a class=\"read_more\" href=\"https:\/\/innovar.med.br\/?page_id=51\">Read Now<span class=\"arrow_readm\"> &#x25BA;<\/span><\/a><\/div>\n","protected":false},"author":2,"featured_media":42,"parent":0,"menu_order":0,"comment_status":"closed","ping_status":"closed","template":"elementor_header_footer","meta":{"_exactmetrics_skip_tracking":false,"_exactmetrics_sitenote_active":false,"_exactmetrics_sitenote_note":"","_exactmetrics_sitenote_category":0,"footnotes":""},"class_list":["post-51","page","type-page","status-publish","has-post-thumbnail","hentry"],"yoast_head":"<!-- This site is optimized with the Yoast SEO plugin v23.3 - https:\/\/yoast.com\/wordpress\/plugins\/seo\/ -->\n<title>Fisioterapia na Gesta\u00e7\u00e3o - Home Care -<\/title>\n<meta name=\"robots\" content=\"index, follow, max-snippet:-1, max-image-preview:large, max-video-preview:-1\" \/>\n<link rel=\"canonical\" href=\"https:\/\/innovar.med.br\/?page_id=51\" \/>\n<meta property=\"og:locale\" content=\"pt_BR\" \/>\n<meta property=\"og:type\" content=\"article\" \/>\n<meta property=\"og:title\" content=\"Fisioterapia na Gesta\u00e7\u00e3o - Home Care -\" \/>\n<meta property=\"og:description\" content=\"Gravidez tranquila, beb\u00ea saud\u00e1vel. A gesta\u00e7\u00e3o \u00e9 um per\u00edodo m\u00e1gico, que requer cuidados especiais com o corpo e a menteRead Now &#x25BA;\" \/>\n<meta property=\"og:url\" content=\"https:\/\/innovar.med.br\/?page_id=51\" \/>\n<meta property=\"article:modified_time\" content=\"2023-03-21T20:00:30+00:00\" \/>\n<meta property=\"og:image\" content=\"https:\/\/innovar.med.br\/wp-content\/uploads\/2019\/08\/innovar-Pos-Operatorio-01-1.png\" \/>\n\t<meta property=\"og:image:width\" content=\"844\" \/>\n\t<meta property=\"og:image:height\" content=\"412\" \/>\n\t<meta property=\"og:image:type\" content=\"image\/png\" \/>\n<meta name=\"twitter:card\" content=\"summary_large_image\" \/>\n<meta name=\"twitter:label1\" content=\"Est. tempo de leitura\" \/>\n\t<meta name=\"twitter:data1\" content=\"2 minutos\" \/>\n<script type=\"application\/ld+json\" class=\"yoast-schema-graph\">{\"@context\":\"https:\/\/schema.org\",\"@graph\":[{\"@type\":\"WebPage\",\"@id\":\"https:\/\/innovar.med.br\/?page_id=51\",\"url\":\"https:\/\/innovar.med.br\/?page_id=51\",\"name\":\"Fisioterapia na Gesta\u00e7\u00e3o - Home Care -\",\"isPartOf\":{\"@id\":\"https:\/\/innovar.med.br\/#website\"},\"primaryImageOfPage\":{\"@id\":\"https:\/\/innovar.med.br\/?page_id=51#primaryimage\"},\"image\":{\"@id\":\"https:\/\/innovar.med.br\/?page_id=51#primaryimage\"},\"thumbnailUrl\":\"https:\/\/innovar.med.br\/wp-content\/uploads\/2019\/08\/innovar-Pos-Operatorio-01-1.png\",\"datePublished\":\"2019-08-31T20:08:38+00:00\",\"dateModified\":\"2023-03-21T20:00:30+00:00\",\"breadcrumb\":{\"@id\":\"https:\/\/innovar.med.br\/?page_id=51#breadcrumb\"},\"inLanguage\":\"pt-BR\",\"potentialAction\":[{\"@type\":\"ReadAction\",\"target\":[\"https:\/\/innovar.med.br\/?page_id=51\"]}]},{\"@type\":\"ImageObject\",\"inLanguage\":\"pt-BR\",\"@id\":\"https:\/\/innovar.med.br\/?page_id=51#primaryimage\",\"url\":\"https:\/\/innovar.med.br\/wp-content\/uploads\/2019\/08\/innovar-Pos-Operatorio-01-1.png\",\"contentUrl\":\"https:\/\/innovar.med.br\/wp-content\/uploads\/2019\/08\/innovar-Pos-Operatorio-01-1.png\",\"width\":844,\"height\":412,\"caption\":\"innovar Pos Operatorio\"},{\"@type\":\"BreadcrumbList\",\"@id\":\"https:\/\/innovar.med.br\/?page_id=51#breadcrumb\",\"itemListElement\":[{\"@type\":\"ListItem\",\"position\":1,\"name\":\"In\u00edcio\",\"item\":\"https:\/\/innovar.med.br\/\"},{\"@type\":\"ListItem\",\"position\":2,\"name\":\"Fisioterapia na Gesta\u00e7\u00e3o &#8211; Home Care\"}]},{\"@type\":\"WebSite\",\"@id\":\"https:\/\/innovar.med.br\/#website\",\"url\":\"https:\/\/innovar.med.br\/\",\"name\":\"\",\"description\":\"\",\"potentialAction\":[{\"@type\":\"SearchAction\",\"target\":{\"@type\":\"EntryPoint\",\"urlTemplate\":\"https:\/\/innovar.med.br\/?s={search_term_string}\"},\"query-input\":\"required name=search_term_string\"}],\"inLanguage\":\"pt-BR\"}]}<\/script>\n<!-- \/ Yoast SEO plugin. -->","yoast_head_json":{"title":"Fisioterapia na Gesta\u00e7\u00e3o - Home Care -","robots":{"index":"index","follow":"follow","max-snippet":"max-snippet:-1","max-image-preview":"max-image-preview:large","max-video-preview":"max-video-preview:-1"},"canonical":"https:\/\/innovar.med.br\/?page_id=51","og_locale":"pt_BR","og_type":"article","og_title":"Fisioterapia na Gesta\u00e7\u00e3o - Home Care -","og_description":"Gravidez tranquila, beb\u00ea saud\u00e1vel. A gesta\u00e7\u00e3o \u00e9 um per\u00edodo m\u00e1gico, que requer cuidados especiais com o corpo e a menteRead Now &#x25BA;","og_url":"https:\/\/innovar.med.br\/?page_id=51","article_modified_time":"2023-03-21T20:00:30+00:00","og_image":[{"width":844,"height":412,"url":"https:\/\/innovar.med.br\/wp-content\/uploads\/2019\/08\/innovar-Pos-Operatorio-01-1.png","type":"image\/png"}],"twitter_card":"summary_large_image","twitter_misc":{"Est. tempo de leitura":"2 minutos"},"schema":{"@context":"https:\/\/schema.org","@graph":[{"@type":"WebPage","@id":"https:\/\/innovar.med.br\/?page_id=51","url":"https:\/\/innovar.med.br\/?page_id=51","name":"Fisioterapia na Gesta\u00e7\u00e3o - Home Care -","isPartOf":{"@id":"https:\/\/innovar.med.br\/#website"},"primaryImageOfPage":{"@id":"https:\/\/innovar.med.br\/?page_id=51#primaryimage"},"image":{"@id":"https:\/\/innovar.med.br\/?page_id=51#primaryimage"},"thumbnailUrl":"https:\/\/innovar.med.br\/wp-content\/uploads\/2019\/08\/innovar-Pos-Operatorio-01-1.png","datePublished":"2019-08-31T20:08:38+00:00","dateModified":"2023-03-21T20:00:30+00:00","breadcrumb":{"@id":"https:\/\/innovar.med.br\/?page_id=51#breadcrumb"},"inLanguage":"pt-BR","potentialAction":[{"@type":"ReadAction","target":["https:\/\/innovar.med.br\/?page_id=51"]}]},{"@type":"ImageObject","inLanguage":"pt-BR","@id":"https:\/\/innovar.med.br\/?page_id=51#primaryimage","url":"https:\/\/innovar.med.br\/wp-content\/uploads\/2019\/08\/innovar-Pos-Operatorio-01-1.png","contentUrl":"https:\/\/innovar.med.br\/wp-content\/uploads\/2019\/08\/innovar-Pos-Operatorio-01-1.png","width":844,"height":412,"caption":"innovar Pos Operatorio"},{"@type":"BreadcrumbList","@id":"https:\/\/innovar.med.br\/?page_id=51#breadcrumb","itemListElement":[{"@type":"ListItem","position":1,"name":"In\u00edcio","item":"https:\/\/innovar.med.br\/"},{"@type":"ListItem","position":2,"name":"Fisioterapia na Gesta\u00e7\u00e3o &#8211; Home Care"}]},{"@type":"WebSite","@id":"https:\/\/innovar.med.br\/#website","url":"https:\/\/innovar.med.br\/","name":"","description":"","potentialAction":[{"@type":"SearchAction","target":{"@type":"EntryPoint","urlTemplate":"https:\/\/innovar.med.br\/?s={search_term_string}"},"query-input":"required name=search_term_string"}],"inLanguage":"pt-BR"}]}},"_links":{"self":[{"href":"https:\/\/innovar.med.br\/index.php?rest_route=\/wp\/v2\/pages\/51","targetHints":{"allow":["GET"]}}],"collection":[{"href":"https:\/\/innovar.med.br\/index.php?rest_route=\/wp\/v2\/pages"}],"about":[{"href":"https:\/\/innovar.med.br\/index.php?rest_route=\/wp\/v2\/types\/page"}],"author":[{"embeddable":true,"href":"https:\/\/innovar.med.br\/index.php?rest_route=\/wp\/v2\/users\/2"}],"replies":[{"embeddable":true,"href":"https:\/\/innovar.med.br\/index.php?rest_route=%2Fwp%2Fv2%2Fcomments&post=51"}],"version-history":[{"count":2,"href":"https:\/\/innovar.med.br\/index.php?rest_route=\/wp\/v2\/pages\/51\/revisions"}],"predecessor-version":[{"id":100,"href":"https:\/\/innovar.med.br\/index.php?rest_route=\/wp\/v2\/pages\/51\/revisions\/100"}],"wp:featuredmedia":[{"embeddable":true,"href":"https:\/\/innovar.med.br\/index.php?rest_route=\/wp\/v2\/media\/42"}],"wp:attachment":[{"href":"https:\/\/innovar.med.br\/index.php?rest_route=%2Fwp%2Fv2%2Fmedia&parent=51"}],"curies":[{"name":"wp","href":"https:\/\/api.w.org\/{rel}","templated":true}]}}